{"id":2,"date":"2011-10-04T14:39:09","date_gmt":"2011-10-04T14:39:09","guid":{"rendered":"http:\/\/blog.ecift.com\/?page_id=2"},"modified":"2022-08-26T13:43:12","modified_gmt":"2022-08-26T10:43:12","slug":"hakkimizda","status":"publish","type":"page","link":"https:\/\/blog.ecift.com\/index.php\/hakkimizda\/","title":{"rendered":"Hakk\u0131m\u0131zda"},"content":{"rendered":"<p><a title=\"e\u00c7ift Anasayfa\" href=\"http:\/\/www.ecift.com\" target=\"_blank\" rel=\"noopener noreferrer\">e\u00c7ift<\/a>, \u0130stanbul merkezli bir online giri\u015fimdir.<\/p>\n<p>e\u00c7ift.com&#8217;un sundu\u011fu sanal platformda, bilimsel ara\u015ft\u0131rmalara dayanan ki\u015filik analiz testi ve yenilik\u00e7i bir e\u015fle\u015ftirme sistemi sayesinde uzun vadeli, mutlu bir ili\u015fki arayan \u00fcyeler bir araya getirilir.<\/p>\n<p><a title=\"e\u00c7ift Blog - Anasayfa\" href=\"http:\/\/blog.ecift.com\" target=\"_blank\" rel=\"noopener noreferrer\">e\u00c7ift Blog<\/a> ise, e\u00c7ift ekibinin ili\u015fkiler, a\u015fk, sa\u011fl\u0131k, moda, g\u00fczellik gibi bir\u00e7ok konuda sizinle payla\u015fmak istedi\u011fi yaz\u0131lardan olu\u015fur. Yaz\u0131larla s\u0131n\u0131rl\u0131 kalmay\u0131p \u015fark\u0131 listeleri ve videolar\u0131n da payla\u015f\u0131ld\u0131\u011f\u0131 e\u00c7ift Blog d\u00fczenli olarak g\u00fcncellenir.<\/p>\n<p>G\u00fcnl\u00fck hayat\u0131n \u00e7e\u015fitli ihtiya\u00e7lar\u0131na cevap bulabilece\u011finiz bir rehber olmak i\u00e7in \u00e7al\u0131\u015fan e\u00c7ift Blog ekibi de\u011ferli yorumlar\u0131n\u0131z\u0131 bekliyor.<\/p>\n","protected":false},"excerpt":{"rendered":"<p>e\u00c7ift, \u0130stanbul merkezli bir online giri\u015fimdir. e\u00c7ift.com&#8217;un sundu\u011fu sanal platformda, bilimsel ara\u015ft\u0131rmalara dayanan ki\u015filik analiz testi ve yenilik\u00e7i bir e\u015fle\u015ftirme sistemi sayesinde uzun vadeli, mutlu bir ili\u015fki arayan \u00fcyeler bir araya getirilir. e\u00c7ift Blog ise, e\u00c7ift ekibinin ili\u015fkiler, a\u015fk, sa\u011fl\u0131k, moda, g\u00fczellik gibi bir\u00e7ok konuda sizinle payla\u015fmak istedi\u011fi yaz\u0131lardan olu\u015fur. Yaz\u0131larla s\u0131n\u0131rl\u0131 kalmay\u0131p \u015fark\u0131 listeleri [&hellip;]<\/p>\n","protected":false},"author":1,"featured_media":0,"parent":0,"menu_order":0,"comment_status":"closed","ping_status":"open","template":"","meta":{"footnotes":""},"class_list":["post-2","page","type-page","status-publish","hentry"],"aioseo_notices":[],"_links":{"self":[{"href":"https:\/\/blog.ecift.com\/index.php\/wp-json\/wp\/v2\/pages\/2","targetHints":{"allow":["GET"]}}],"collection":[{"href":"https:\/\/blog.ecift.com\/index.php\/wp-json\/wp\/v2\/pages"}],"about":[{"href":"https:\/\/blog.ecift.com\/index.php\/wp-json\/wp\/v2\/types\/page"}],"author":[{"embeddable":true,"href":"https:\/\/blog.ecift.com\/index.php\/wp-json\/wp\/v2\/users\/1"}],"replies":[{"embeddable":true,"href":"https:\/\/blog.ecift.com\/index.php\/wp-json\/wp\/v2\/comments?post=2"}],"version-history":[{"count":11,"href":"https:\/\/blog.ecift.com\/index.php\/wp-json\/wp\/v2\/pages\/2\/revisions"}],"predecessor-version":[{"id":11531,"href":"https:\/\/blog.ecift.com\/index.php\/wp-json\/wp\/v2\/pages\/2\/revisions\/11531"}],"wp:attachment":[{"href":"https:\/\/blog.ecift.com\/index.php\/wp-json\/wp\/v2\/media?parent=2"}],"curies":[{"name":"wp","href":"https:\/\/api.w.org\/{rel}","templated":true}]}}